{"id":2,"date":"2023-10-10T22:28:08","date_gmt":"2023-10-10T20:28:08","guid":{"rendered":"http:\/\/cdcvision.fr\/?page_id=2"},"modified":"2023-10-18T23:41:38","modified_gmt":"2023-10-18T21:41:38","slug":"page-d-exemple","status":"publish","type":"page","link":"https:\/\/cdcvision.fr\/?page_id=2","title":{"rendered":"Mentions L\u00e9gales"},"content":{"rendered":"\n<h2 class=\"wp-block-heading\">Identit\u00e9 de l&#8217;Entreprise<\/h2>\n\n\n\n<p><strong>Raison Sociale :<\/strong> CDC<br><strong>Forme Juridique :<\/strong> Soci\u00e9t\u00e9 par Actions Simplifi\u00e9e<br><strong>Si\u00e8ge Social :<\/strong> Che de Sainte-Anne, 04250 La Motte-du-Caire<br><strong>Num\u00e9ro SIREN :<\/strong> 917909269<br><strong>Num\u00e9ro SIRET (si\u00e8ge) :<\/strong> 91790926900016<br><strong>Num\u00e9ro TVA Intracommunautaire :<\/strong> FR57917909269<br><strong>Num\u00e9ro RCS :<\/strong> Manosque B 917 909 269<br><\/p>\n\n\n\n<h2 class=\"wp-block-heading\">Pr\u00e9sentation de la Soci\u00e9t\u00e9 CDC<\/h2>\n\n\n\n<p>CDC, soci\u00e9t\u00e9 par actions simplifi\u00e9e, immatricul\u00e9e sous le SIREN 917909269, est en activit\u00e9 depuis 1 an. Domicili\u00e9e \u00e0 La Motte-du-Caire (04250), CDC compte 1 \u00e9tablissement ainsi qu&#8217;un mandataire depuis le d\u00e9but de son activit\u00e9. Le dernier \u00e9v\u00e9nement notable de cette entreprise date du 28-07-2022. <\/p>\n\n\n\n<h2 class=\"wp-block-heading\">Renseignements Juridiques<\/h2>\n\n\n\n<ul>\n<li><strong>Date de Cr\u00e9ation de l&#8217;Entreprise :<\/strong> 20-07-2022 (il y a 1 an)<\/li>\n\n\n\n<li><strong>Forme Juridique :<\/strong> Soci\u00e9t\u00e9 par Actions Simplifi\u00e9e<\/li>\n\n\n\n<li><strong>Dur\u00e9e :<\/strong> Du 30-07-2022 \u00e0 aujourd&#8217;hui (1 an, 2 mois et 22 jours)<\/li>\n<\/ul>\n\n\n\n<h2 class=\"wp-block-heading\">Contact<\/h2>\n\n\n\n<ul>\n<li><strong>Noms Commerciaux :<\/strong> CDC<\/li>\n\n\n\n<li><strong>T\u00e9l\u00e9phone :<\/strong> +33783218155<\/li>\n\n\n\n<li><strong>Adresse Postale :<\/strong> Che de Sainte-Anne, 04250 La Motte-du-Caire<\/li>\n\n\n\n<li><strong>Adresse e-mail de contact :<\/strong> contat@cdcvision.fr<\/li>\n<\/ul>\n","protected":false},"excerpt":{"rendered":"<p>Identit\u00e9 de l&#8217;Entreprise Raison Sociale : CDCForme Juridique : Soci\u00e9t\u00e9 par Actions Simplifi\u00e9eSi\u00e8ge Social : Che de Sainte-Anne, 04250 La Motte-du-CaireNum\u00e9ro SIREN : 917909269Num\u00e9ro SIRET (si\u00e8ge) : 91790926900016Num\u00e9ro TVA Intracommunautaire : FR57917909269Num\u00e9ro RCS : Manosque B 917 909 269 Pr\u00e9sentation de la Soci\u00e9t\u00e9 CDC CDC, soci\u00e9t\u00e9 par actions simplifi\u00e9e, immatricul\u00e9e sous le SIREN 917909269, est [&hellip;]<\/p>\n","protected":false},"author":1,"featured_media":0,"parent":0,"menu_order":0,"comment_status":"closed","ping_status":"open","template":"","meta":{"om_disable_all_campaigns":false,"_monsterinsights_skip_tracking":false,"_monsterinsights_sitenote_active":false,"_monsterinsights_sitenote_note":"","_monsterinsights_sitenote_category":0,"footnotes":""},"aioseo_notices":[],"_links":{"self":[{"href":"https:\/\/cdcvision.fr\/index.php?rest_route=\/wp\/v2\/pages\/2"}],"collection":[{"href":"https:\/\/cdcvision.fr\/index.php?rest_route=\/wp\/v2\/pages"}],"about":[{"href":"https:\/\/cdcvision.fr\/index.php?rest_route=\/wp\/v2\/types\/page"}],"author":[{"embeddable":true,"href":"https:\/\/cdcvision.fr\/index.php?rest_route=\/wp\/v2\/users\/1"}],"replies":[{"embeddable":true,"href":"https:\/\/cdcvision.fr\/index.php?rest_route=%2Fwp%2Fv2%2Fcomments&post=2"}],"version-history":[{"count":2,"href":"https:\/\/cdcvision.fr\/index.php?rest_route=\/wp\/v2\/pages\/2\/revisions"}],"predecessor-version":[{"id":252,"href":"https:\/\/cdcvision.fr\/index.php?rest_route=\/wp\/v2\/pages\/2\/revisions\/252"}],"wp:attachment":[{"href":"https:\/\/cdcvision.fr\/index.php?rest_route=%2Fwp%2Fv2%2Fmedia&parent=2"}],"curies":[{"name":"wp","href":"https:\/\/api.w.org\/{rel}","templated":true}]}}