{"id":109,"date":"2023-10-11T11:41:09","date_gmt":"2023-10-11T09:41:09","guid":{"rendered":"https:\/\/cdcvision.fr\/?post_type=product&#038;p=109"},"modified":"2023-10-18T23:10:13","modified_gmt":"2023-10-18T21:10:13","slug":"trisio-lite-2-appareil-photo-vr-360","status":"publish","type":"product","link":"https:\/\/cdcvision.fr\/?product=trisio-lite-2-appareil-photo-vr-360","title":{"rendered":"TRISIO LITE 2 &#8211; APPAREIL PHOTO VR 360\u00b0"},"content":{"rendered":"<h2>TRISIO LITE 2\u00a0APPAREIL PHOTO 360\u00b0<\/h2>\n<h3>CONCEPT \u00c9TONNANT ET TERRIBLEMENT EFFICACE<\/h3>\n<p>Le boitier photo 360\u00b0 Trisio Lite 2 est un concept innovant et terriblement efficace.\u00a0<strong>La Trisio Lite 2 n&#8217;est pas une cam\u00e9ra vid\u00e9o, mais uniquement photo<\/strong>. Les n\u00e9ophytes en termes de photos 360\u00b0 vont pouvoir se reposer sur ce boitier enti\u00e8rement automatis\u00e9, tant sur le plan des r\u00e9glages photos que sur l&#8217;emploi de ce dispositif. Posez votre Trisio Lite 2 sur une perche tr\u00e9pied, connectez-la \u00e0 votre smartphone et commencez vos prises de vues 360\u00b0.<\/p>\n<p><img decoding=\"async\" loading=\"lazy\" class=\"alignnone size-medium wp-image-118\" src=\"http:\/\/cdcvision.fr\/wp-content\/uploads\/2023\/10\/Trisio-Lite-2-Appareil-photo-360-300x171.jpeg\" alt=\"\" width=\"300\" height=\"171\" srcset=\"https:\/\/cdcvision.fr\/wp-content\/uploads\/2023\/10\/Trisio-Lite-2-Appareil-photo-360-300x171.jpeg 300w, https:\/\/cdcvision.fr\/wp-content\/uploads\/2023\/10\/Trisio-Lite-2-Appareil-photo-360-600x343.jpeg 600w, https:\/\/cdcvision.fr\/wp-content\/uploads\/2023\/10\/Trisio-Lite-2-Appareil-photo-360.jpeg 663w\" sizes=\"(max-width: 300px) 100vw, 300px\" \/><\/p>\n<h3>QUALIT\u00c9 D&#8217;IMAGE ET FACILIT\u00c9 D&#8217;UTILISATION<\/h3>\n<p>Cet appareil photo va vous faciliter la vie, car aucun r\u00e9glage de prise de vue n&#8217;est n\u00e9cessaire. Tout se fait automatiquement jusqu\u2019\u00e0 l&#8217;assemblage (stitch) des 4 photos prises pendant la r\u00e9volution de l&#8217;appareil photo. Les photos 360\u00b0 ont un rendu HDR en 8K (8000\u00d74000 pix) au format JPEG. Le gros avantage de ce type de prises de vues avec la Trisio Lite 2 est le stitching (assemblage) parfait et la gestion d&#8217;\u00e9clairage g\u00e9n\u00e9rale des 4 photos composant le 360.<\/p>\n<h3>EXCELLENT CAPTEUR ET AUTONOMIE RALLONG\u00c9E<\/h3>\n<p>Autre point positif, vous pourrez positionner le dispositif proche d&#8217;un objet sans risque de le &#8220;couper&#8221; par la ligne de stitch de 2 objectifs. L\u2019appareil photo est dot\u00e9 d&#8217;un capteur Sony avec une ouverture \u00e0 F\/2.3. Autonomie record de 200 minutes rechargeable via un connecteur USB-C. Les prises de vues r\u00e9alis\u00e9es par la Trisio Lite2 sont compatibles avec les sites de visites virtuelles tels que Kuula, 3DVISTA, EnVisite et Klapty.<\/p>\n<div id=\"nq-c-product-desc\" class=\"nq-c-Product\">\n<div class=\"nq-c-ProductFullDesc nq-c-Wysiwyg\">\n<div class=\"nq-u-wrapper\">\n<div class=\"nq-c-Product-mob-content nq-c-Product-mob-content-desc\">\n<div class=\"clear clearfix\">\n<h3>POINTS-CL\u00c9S :<\/h3>\n<ul>\n<li>Mod\u00e8le :\u00a0Trisio Lite 2 Cam\u00e9ra 360\u00b0<\/li>\n<li>Marque : Trisio<\/li>\n<li><strong>D\u00e9di\u00e9 uniquement aux photos 360\u00b0<\/strong><\/li>\n<li>Capteur Sony<\/li>\n<li>Enti\u00e8rement automatique<\/li>\n<li>Stitching parfait<\/li>\n<li>Rendu HDR 8K JPEG 200 minutes d\u2019autonomie<\/li>\n<li>Compatible Kuula, 3DVISTA, EnVisite et Klapty<\/li>\n<li>Garantie : 2 ans<\/li>\n<\/ul>\n<p><strong>Contenu :<br \/>\n<\/strong><\/p>\n<p>1x 360\u00b0 Cam\u00e9ra<\/p>\n<p>1x Etui de transport<\/p>\n<p>1x Connecteur Quick<\/p>\n<p>1x C\u00e2ble USB<\/p>\n<p>1x Lingette<\/p>\n<p><b>Caract\u00e9ristiques<\/b><\/p>\n<p>Dimensions : 147 x51 x23 mm<\/p>\n<p>Poids : 150 gr<\/p>\n<p>Format image : JPEG<\/p>\n<p>R\u00e9solution : 8K (8000 x 4000 px)<\/p>\n<p>Capteur : Sony<\/p>\n<p>Ouverture : F\/2.3<\/p>\n<p>M\u00e9moire interne\u00a0: 8Go<\/p>\n<p>Param\u00e8tres d\u2019expositions\u00a0: Auto<\/p>\n<p>Connectique : USB-C<\/p>\n<p>Batterie : 2480 mAh<\/p>\n<p>Autonomie : 200 minutes<\/p>\n<p><strong>\u00a0<\/strong><\/p>\n<\/div>\n<\/div>\n<\/div>\n<\/div>\n<\/div>\n<div id=\"nq-c-product-content\">\n<div class=\"nq-u-wrapper\"><\/div>\n<\/div>\n","protected":false},"excerpt":{"rendered":"<p>Trisio Lite 2 est une solution id\u00e9ale pour\u00a0<strong>photographier<\/strong>\u00a0\u00e0 360\u00b0. R\u00e9solution photo 8K pour 32MP, id\u00e9al pour vos projets demandant une immersion totale comme des int\u00e9rieurs de voitures, l&#8217;immobilier, boutique, tourisme\u2026 C&#8217;est\u00a0un\u00a0<strong>appareil photo 360\u00b0 (pas de vid\u00e9o)<\/strong>\u00a0avec objectif d&#8217;ouverture F\/2.3 qui int\u00e8gre une batterie non amovible de 2480\u2009mAh (200\u2009min d&#8217;autonomie) et une m\u00e9moire interne de 8\u2009Go.<\/p>\n<p>&nbsp;<\/p>\n<p>La particularit\u00e9 de cet appareil photo r\u00e9side dans le fait qu&#8217;il tourne sur lui-m\u00eame \u00e0 360\u00b0 via un petit moteur int\u00e9gr\u00e9. Apr\u00e8s allumage de la Trisio Lite2 et connexion \u00e0 son Appli d\u00e9di\u00e9e Trisio360camera, vous n&#8217;aurez qu&#8217;\u00e0 lancer la prise de vue. Le dispositif effectue 4 captations sur 360\u00b0 pour les stitcher automatiquement dans l&#8217;Appli afin d&#8217;\u00eatre partag\u00e9es. La Trisio Lite 2 est encore plus simple d&#8217;utilisation qu&#8217;une cam\u00e9ra 360\u00b0 avec un r\u00e9sultat sup\u00e9rieur.<\/p>\n","protected":false},"featured_media":110,"comment_status":"open","ping_status":"closed","template":"","meta":{"om_disable_all_campaigns":false,"_monsterinsights_skip_tracking":false,"_monsterinsights_sitenote_active":false,"_monsterinsights_sitenote_note":"","_monsterinsights_sitenote_category":0},"product_cat":[29,41],"product_tag":[50],"aioseo_notices":[],"_links":{"self":[{"href":"https:\/\/cdcvision.fr\/index.php?rest_route=\/wp\/v2\/product\/109"}],"collection":[{"href":"https:\/\/cdcvision.fr\/index.php?rest_route=\/wp\/v2\/product"}],"about":[{"href":"https:\/\/cdcvision.fr\/index.php?rest_route=\/wp\/v2\/types\/product"}],"replies":[{"embeddable":true,"href":"https:\/\/cdcvision.fr\/index.php?rest_route=%2Fwp%2Fv2%2Fcomments&post=109"}],"wp:featuredmedia":[{"embeddable":true,"href":"https:\/\/cdcvision.fr\/index.php?rest_route=\/wp\/v2\/media\/110"}],"wp:attachment":[{"href":"https:\/\/cdcvision.fr\/index.php?rest_route=%2Fwp%2Fv2%2Fmedia&parent=109"}],"wp:term":[{"taxonomy":"product_cat","embeddable":true,"href":"https:\/\/cdcvision.fr\/index.php?rest_route=%2Fwp%2Fv2%2Fproduct_cat&post=109"},{"taxonomy":"product_tag","embeddable":true,"href":"https:\/\/cdcvision.fr\/index.php?rest_route=%2Fwp%2Fv2%2Fproduct_tag&post=109"}],"curies":[{"name":"wp","href":"https:\/\/api.w.org\/{rel}","templated":true}]}}