{"id":119,"date":"2023-10-11T11:54:09","date_gmt":"2023-10-11T09:54:09","guid":{"rendered":"https:\/\/cdcvision.fr\/?post_type=product&#038;p=119"},"modified":"2023-10-18T23:10:01","modified_gmt":"2023-10-18T21:10:01","slug":"stockage-sandisk-extreme-256-gb-microsdxc-memory-card","status":"publish","type":"product","link":"https:\/\/cdcvision.fr\/?product=stockage-sandisk-extreme-256-gb-microsdxc-memory-card","title":{"rendered":"Stockage SanDisk Extreme 256 GB microSDXC Memory Card"},"content":{"rendered":"<p>Le\u00a0<strong>Carte microSD SanDisk Extreme UHS-I<\/strong>\u00a0est notre\u00a0<strong>haut recommand\u00e9<\/strong>\u00a0carte microSD sur cette liste\u00a0! C&#8217;est l&#8217;une des cartes microSD les plus populaires et un choix parfait pour la cam\u00e9ra d&#8217;action GoPro MAX. Avec ses incroyables vitesses d&#8217;\u00e9criture allant jusqu&#8217;\u00e0\u00a0<strong>90 MB\/s<\/strong>\u00a0et des vitesses de lecture allant jusqu&#8217;\u00e0\u00a0<strong>160 Mo\/s<\/strong>Avec le MAX, vous pouvez facilement capturer des vid\u00e9os \u00e0 360 degr\u00e9s en haute qualit\u00e9, ainsi que des photos brutes et en rafale.<\/p>\n<p>La carte SD SanDisk Extreme est disponible en 32 Go, 64 Go, 128 Go, 256 Go, 400 Go, 512 Go et 1 To. Il est officiellement recommand\u00e9 par GoPro dans leur\u00a0<strong>&#8220;Fonctionne avec GoPro&#8221;<\/strong>\u00a0programme de certification. La soci\u00e9t\u00e9 associe souvent ses cam\u00e9ras, y compris la MAX, \u00e0 la carte microSD SanDisk Extreme et la vend sur son site officiel GoPro.com.<\/p>\n","protected":false},"excerpt":{"rendered":"<ul>\n<li><strong>Marque :<\/strong>\u00a0SanDisk<\/li>\n<li><strong>Classe de vitesse :<\/strong>\u00a0UHS-I (U3), Classe 10, V30<\/li>\n<li><strong>Vitesse de lecture maximale :\u00a0<\/strong>160MB\/s<\/li>\n<li><strong>Vitesse d&#8217;\u00e9criture maximale :<\/strong>\u00a090MB\/s<\/li>\n<li><strong>Capacit\u00e9 de stockage :<\/strong>\u00a032GB, 64GB, 128GB,<strong> 256GB<\/strong>, 400GB, 512GB, 1TB<\/li>\n<\/ul>\n","protected":false},"featured_media":120,"comment_status":"open","ping_status":"closed","template":"","meta":{"om_disable_all_campaigns":false,"_monsterinsights_skip_tracking":false,"_monsterinsights_sitenote_active":false,"_monsterinsights_sitenote_note":"","_monsterinsights_sitenote_category":0},"product_cat":[15,29,23],"product_tag":[51],"aioseo_notices":[],"_links":{"self":[{"href":"https:\/\/cdcvision.fr\/index.php?rest_route=\/wp\/v2\/product\/119"}],"collection":[{"href":"https:\/\/cdcvision.fr\/index.php?rest_route=\/wp\/v2\/product"}],"about":[{"href":"https:\/\/cdcvision.fr\/index.php?rest_route=\/wp\/v2\/types\/product"}],"replies":[{"embeddable":true,"href":"https:\/\/cdcvision.fr\/index.php?rest_route=%2Fwp%2Fv2%2Fcomments&post=119"}],"wp:featuredmedia":[{"embeddable":true,"href":"https:\/\/cdcvision.fr\/index.php?rest_route=\/wp\/v2\/media\/120"}],"wp:attachment":[{"href":"https:\/\/cdcvision.fr\/index.php?rest_route=%2Fwp%2Fv2%2Fmedia&parent=119"}],"wp:term":[{"taxonomy":"product_cat","embeddable":true,"href":"https:\/\/cdcvision.fr\/index.php?rest_route=%2Fwp%2Fv2%2Fproduct_cat&post=119"},{"taxonomy":"product_tag","embeddable":true,"href":"https:\/\/cdcvision.fr\/index.php?rest_route=%2Fwp%2Fv2%2Fproduct_tag&post=119"}],"curies":[{"name":"wp","href":"https:\/\/api.w.org\/{rel}","templated":true}]}}