{"id":126,"date":"2023-10-11T12:03:15","date_gmt":"2023-10-11T10:03:15","guid":{"rendered":"https:\/\/cdcvision.fr\/?post_type=product&#038;p=126"},"modified":"2023-10-18T23:07:27","modified_gmt":"2023-10-18T21:07:27","slug":"carte-microsd-samsung-evo-select-uhs-i","status":"publish","type":"product","link":"https:\/\/cdcvision.fr\/?product=carte-microsd-samsung-evo-select-uhs-i","title":{"rendered":"Carte microSD Samsung EVO Select UHS-I"},"content":{"rendered":"<p><strong>Carte microSD Samsung EVO Select UHS-I<\/strong>\u00a0est l&#8217;une des meilleures cartes microSD de Samsung qui est \u00e9galement tr\u00e8s\u00a0<strong>rentable<\/strong>. La derni\u00e8re version de la carte EVO Select est disponible dans les tailles 32GB, 64GB, 128GB, 256GB et 512GB. Cette carte est l&#8217;une des\u00a0<strong>plus vendu<\/strong>\u00a0Les cartes microSD les plus vendues sur Amazon en raison de leur vitesse \u00e9tonnante, de leur fiabilit\u00e9 et de leur prix.<\/p>\n<p>Samsung EVO Select est\u00a0<strong>r\u00e9sistant aux chocs, \u00e9tanche, r\u00e9sistant \u00e0 la temp\u00e9rature, r\u00e9sistant aux rayons X,<\/strong>\u00a0et\u00a0<strong>preuve magn\u00e9tique<\/strong>. Vous avez donc l&#8217;assurance que vos donn\u00e9es sont en s\u00e9curit\u00e9. Ses vitesses de lecture allant jusqu&#8217;\u00e0\u00a0<strong>100 Mo\/s<\/strong>\u00a0et des vitesses d&#8217;\u00e9criture allant jusqu&#8217;\u00e0\u00a0<strong>90MB\/s<\/strong>\u00a0sont \u00e9galement assez impressionnants, ce qui en fait un outil id\u00e9al pour capturer de superbes vid\u00e9os \u00e0 360 degr\u00e9s et des photos haute r\u00e9solution avec votre GoPro MAX.<\/p>\n","protected":false},"excerpt":{"rendered":"<ul>\n<li><strong>Marque :<\/strong>\u00a0Samsung<\/li>\n<li><strong>Classe de vitesse :<\/strong>\u00a0UHS-I (U3), Classe 10, V30<\/li>\n<li><strong>Vitesse de lecture maximale :\u00a0<\/strong>100 Mo\/s<\/li>\n<li><strong>Vitesse d&#8217;\u00e9criture maximale :<\/strong>\u00a090MB\/s<\/li>\n<li><strong>Capacit\u00e9 de stockage :<\/strong>\u00a032 Go, 64 Go, 128 Go, 256 Go,<strong> 512 Go<\/strong><\/li>\n<\/ul>\n","protected":false},"featured_media":127,"comment_status":"open","ping_status":"closed","template":"","meta":{"om_disable_all_campaigns":false,"_monsterinsights_skip_tracking":false,"_monsterinsights_sitenote_active":false,"_monsterinsights_sitenote_note":"","_monsterinsights_sitenote_category":0},"product_cat":[29,23],"product_tag":[52],"aioseo_notices":[],"_links":{"self":[{"href":"https:\/\/cdcvision.fr\/index.php?rest_route=\/wp\/v2\/product\/126"}],"collection":[{"href":"https:\/\/cdcvision.fr\/index.php?rest_route=\/wp\/v2\/product"}],"about":[{"href":"https:\/\/cdcvision.fr\/index.php?rest_route=\/wp\/v2\/types\/product"}],"replies":[{"embeddable":true,"href":"https:\/\/cdcvision.fr\/index.php?rest_route=%2Fwp%2Fv2%2Fcomments&post=126"}],"wp:featuredmedia":[{"embeddable":true,"href":"https:\/\/cdcvision.fr\/index.php?rest_route=\/wp\/v2\/media\/127"}],"wp:attachment":[{"href":"https:\/\/cdcvision.fr\/index.php?rest_route=%2Fwp%2Fv2%2Fmedia&parent=126"}],"wp:term":[{"taxonomy":"product_cat","embeddable":true,"href":"https:\/\/cdcvision.fr\/index.php?rest_route=%2Fwp%2Fv2%2Fproduct_cat&post=126"},{"taxonomy":"product_tag","embeddable":true,"href":"https:\/\/cdcvision.fr\/index.php?rest_route=%2Fwp%2Fv2%2Fproduct_tag&post=126"}],"curies":[{"name":"wp","href":"https:\/\/api.w.org\/{rel}","templated":true}]}}