{"id":133,"date":"2023-10-11T12:09:27","date_gmt":"2023-10-11T10:09:27","guid":{"rendered":"https:\/\/cdcvision.fr\/?post_type=product&#038;p=133"},"modified":"2023-10-18T23:09:35","modified_gmt":"2023-10-18T21:09:35","slug":"pinnacle-studio-26","status":"publish","type":"product","link":"https:\/\/cdcvision.fr\/?product=pinnacle-studio-26","title":{"rendered":"Pinnacle Studio 26\u202f"},"content":{"rendered":"<p>Profitez d&#8217;un montage vid\u00e9o de niveau professionnel sur un nombre illimit\u00e9 de pistes avec un contr\u00f4le total, une pr\u00e9cision et les performances accrues de Pinnacle Studio\u2122 26 Ultimate! Exploitez des outils avanc\u00e9s, des centaines d&#8217;effets cr\u00e9atifs et de puissantes commandes d&#8217;images cl\u00e9s pour r\u00e9gler avec pr\u00e9cision chaque param\u00e8tre de votre production. Tirez parti d&#8217;une vaste collection de fonctions et d&#8217;effets qui vous permettront d&#8217;atteindre de nouveaux sommets en mati\u00e8re de cr\u00e9ativit\u00e9, et contr\u00f4lez votre exp\u00e9rience d&#8217;\u00e9dition gr\u00e2ce \u00e0 une interface enti\u00e8rement personnalisable. Apportez des modifications avec une pr\u00e9cision encore jamais atteinte et cr\u00e9ez des raccourcis d\u2019outil personnalis\u00e9s pour simplifier les flux de travail que vous utilisez le plus souvent. Explorez la cr\u00e9ation de masque vid\u00e9o, l\u2019\u00e9talonnage complet des couleurs, le suivi de mouvement et d\u2019autres outils exclusifs de la version Ultimate pour transformer votre vision cr\u00e9ative en productions de qualit\u00e9 cin\u00e9matographique.<\/p>\n<p>Cr\u00e9ez en vous laissant guider par votre inspiration. Montez vos contenus avec Pinnacle.<\/p>\n<p><iframe loading=\"lazy\" title=\"Introducing Pinnacle Studio, pro-level video editor!\" width=\"500\" height=\"281\" src=\"https:\/\/www.youtube.com\/embed\/OOzaVH82eac?feature=oembed\" frameborder=\"0\" allow=\"accelerometer; autoplay; clipboard-write; encrypted-media; gyroscope; picture-in-picture; web-share\" allowfullscreen><\/iframe><\/p>\n<h2>LES FONCTIONS PRINCIPALES<\/h2>\n<h3>DONNEZ LE TON AVEC DES COMMANDES PUISSANTES POUR LES COULEURS<\/h3>\n<p>Contr\u00f4lez l&#8217;ambiance de vos vid\u00e9o gr\u00e2ce \u00e0 une palette compl\u00e8te d&#8217;\u00e9talonnage des couleurs. R\u00e9alisez des effets th\u00e9matiques professionnels, personnalisables jusqu&#8217;aux moindres d\u00e9tails, y compris les images cl\u00e9s. L&#8217;\u00e9talonnage des couleurs vous permet de transformer compl\u00e8tement l&#8217;aspect de vos vid\u00e9os, en attirant l&#8217;attention sur certaines sc\u00e8nes ou objets, et tellement plus encore.<\/p>\n<h3>CR\u00c9EZ DES VID\u00c9OS CAPTIVANTES \u00c0 PARTIR DE PLUS CAM\u00c9RAS<\/h3>\n<p>Enregistrez des vid\u00e9os sous plusieurs angles, puis les modifier avec l&#8217;outil MultiCam Capture de Pinnacle est \u00e0 la fois simple et amusant. Enregistrez simultan\u00e9ment les images de votre \u00e9cran et de votre webcam, capturez facilement des vid\u00e9os, le son du syst\u00e8me et du micro et, tout cela, en un seul clic. De plus, vous pouvez appliquer toutes vos modifications \u00e0 la vol\u00e9e. C&#8217;est l&#8217;outil id\u00e9al pour impliquer votre public lors de la diffusion de didacticiels vid\u00e9o, de d\u00e9monstrations de produits, de vid\u00e9os dynamiques et bien plus encore !<\/p>\n<h3>AM\u00c9LIOREZ VOS IMAGES DE FA\u00c7ON CR\u00c9ATIVE AVEC LES MASQUES<\/h3>\n<p>Les masques vid\u00e9o sont des outils r\u00e9volutionnaires que ce soit pour la mise en \u0153uvre de corrections de base, telles que le flou des visages et l&#8217;am\u00e9lioration des sujets, ou les modifications plus professionnelles comme la suppression des objets ind\u00e9sirables, la duplication de sujets, le masquage des visages et la personnalisation de transitions ou d&#8217;effets cr\u00e9atifs.<\/p>\n<h3>COMMANDES DE PR\u00c9CISION ET FLEXIBILIT\u00c9 TOTALE<\/h3>\n<p>Pinnacle Studio fournit aux utilisateurs un contr\u00f4le total pour effectuer des modifications pr\u00e9cises. R\u00e9glez quasiment tous les param\u00e8tres de vos clips, effets et titres avec les images cl\u00e9s. Tirez parti de la flexibilit\u00e9 de l&#8217;interface et personnalisez votre espace de travail pour conserver les outils que vous utilisez le plus souvent \u00e0 port\u00e9e de vos doigts. Disposez d&#8217;un contr\u00f4le professionnel sur votre processus de montage avec Pinnacle Studio.<\/p>\n<h2>LA VERSION ULTIMATE<\/h2>\n<ul>\n<li>Plus de 2 000 effets, titres et mod\u00e8les<\/li>\n<li>Montage vid\u00e9o HD et 4K sur un nombre de pistes illimit\u00e9<\/li>\n<li>Comprend toutes les fonctions de Studio Plus et :<\/li>\n<li>Masques vid\u00e9o<\/li>\n<li>Vecteurscope s\u00e9lectif<\/li>\n<li>Exportation du canal Alpha<\/li>\n<li>NewBlue Audio Essentials<\/li>\n<li>Montage vid\u00e9o \u00e0 360\u00b0<\/li>\n<li>Images cl\u00e9s et \u00e9chantillonnage des couleurs<\/li>\n<li>Vid\u00e9o avec fractionnement d&#8217;\u00e9cran avec les images cl\u00e9s<\/li>\n<li>Transitions parfaites<\/li>\n<li>Suivi de mouvement avec flou mosa\u00efque<\/li>\n<li>Formats suppl\u00e9mentaires et prise en charge \u00e9tendue<\/li>\n<\/ul>\n","protected":false},"excerpt":{"rendered":"<p>Profitez d&#8217;un montage vid\u00e9o de niveau professionnel sur un nombre illimit\u00e9 de pistes avec un contr\u00f4le total, une pr\u00e9cision et les performances accrues de Pinnacle Studio\u2122 26 Ultimate!<\/p>\n","protected":false},"featured_media":134,"comment_status":"open","ping_status":"closed","template":"","meta":{"om_disable_all_campaigns":false,"_monsterinsights_skip_tracking":false,"_monsterinsights_sitenote_active":false,"_monsterinsights_sitenote_note":"","_monsterinsights_sitenote_category":0},"product_cat":[29,25],"product_tag":[53],"aioseo_notices":[],"_links":{"self":[{"href":"https:\/\/cdcvision.fr\/index.php?rest_route=\/wp\/v2\/product\/133"}],"collection":[{"href":"https:\/\/cdcvision.fr\/index.php?rest_route=\/wp\/v2\/product"}],"about":[{"href":"https:\/\/cdcvision.fr\/index.php?rest_route=\/wp\/v2\/types\/product"}],"replies":[{"embeddable":true,"href":"https:\/\/cdcvision.fr\/index.php?rest_route=%2Fwp%2Fv2%2Fcomments&post=133"}],"wp:featuredmedia":[{"embeddable":true,"href":"https:\/\/cdcvision.fr\/index.php?rest_route=\/wp\/v2\/media\/134"}],"wp:attachment":[{"href":"https:\/\/cdcvision.fr\/index.php?rest_route=%2Fwp%2Fv2%2Fmedia&parent=133"}],"wp:term":[{"taxonomy":"product_cat","embeddable":true,"href":"https:\/\/cdcvision.fr\/index.php?rest_route=%2Fwp%2Fv2%2Fproduct_cat&post=133"},{"taxonomy":"product_tag","embeddable":true,"href":"https:\/\/cdcvision.fr\/index.php?rest_route=%2Fwp%2Fv2%2Fproduct_tag&post=133"}],"curies":[{"name":"wp","href":"https:\/\/api.w.org\/{rel}","templated":true}]}}