{"id":15,"date":"2023-10-11T00:21:53","date_gmt":"2023-10-10T22:21:53","guid":{"rendered":"https:\/\/cdcvision.fr\/?post_type=product&#038;p=15"},"modified":"2023-10-11T01:39:25","modified_gmt":"2023-10-10T23:39:25","slug":"trepied-appareil-photo-360-en-fibre-de-carbone","status":"publish","type":"product","link":"https:\/\/cdcvision.fr\/?product=trepied-appareil-photo-360-en-fibre-de-carbone","title":{"rendered":"Tr\u00e9pied Appareil Photo 360\u00b0 en Fibre de Carbone"},"content":{"rendered":"<ul>\n<li>* \u3010L\u00e9ger et Portable\u3011 Le poids net du tr\u00e9pied voyage en fibre de carbone avec la rotule ball inclus ne p\u00e8se que 1,02 KG. Hauteur repli\u00e9e de 35 cm, la jambe de 5 sections peut ajuster la taille de 46 cm \u00e0 153 cm.<\/li>\n<li>* \u3010Stable et Durable\u3011 Ce tr\u00e9pied voyage est fait de carbone de haute qualit\u00e9, qui est tr\u00e8s robuste. Le diam\u00e8tre du tube de jambe est de 22 mm, ce qui est la taille la plus portable et la plus stable.<\/li>\n<li>* \u3010Capacit\u00e9 Polyvalent\u3011 L&#8217;installation invers\u00e9e de la colonne centrale pour r\u00e9aliser le tournage de p\u00eache \u00e0 la ligne le plus bas, le tir \u00e0 l&#8217;arc et la photographie sp\u00e9ciale. Cette plaque de d\u00e9gagement rapide amovible est adapt\u00e9 pour les cam\u00e9scopes et appareils photo avec un vis m\u00e2le standard 1\/4 &#8220;. Par exemple: Nikon, Canon, Sony, Samsung Olympus Panasonic Pentax, etc.<\/li>\n<li>* \u3010Monopode Amovible\u3011 Ce tr\u00e9pied voyage peut \u00eatre transform\u00e9 en un monopode(38-159cm) ou un b\u00e2ton de marche seul pour rendre votre photographie plus diversifi\u00e9e.<\/li>\n<li>* \u3010Rotule Rotative \u00e0 360\u00b0\u3011 T\u00eate rotule en m\u00e9tal de diam\u00e8tre de 25mm, la charge maximale est de 8 kg, peut \u00eatre tourn\u00e9 \u00e0 n&#8217;importe quel angle vous voulez, contribuant \u00e0 am\u00e9liorer l&#8217;amplitude de l&#8217;activit\u00e9 de l&#8217;appareil pendant la prise de vue panoramique.<\/li>\n<\/ul>\n","protected":false},"excerpt":{"rendered":"<p><img decoding=\"async\" loading=\"lazy\" class=\"alignnone size-medium wp-image-18\" src=\"http:\/\/cdcvision.fr\/wp-content\/uploads\/2023\/10\/KF09.077V2-3-1200x1200-1-300x300.jpg\" alt=\"\" width=\"300\" height=\"300\" srcset=\"https:\/\/cdcvision.fr\/wp-content\/uploads\/2023\/10\/KF09.077V2-3-1200x1200-1-300x300.jpg 300w, https:\/\/cdcvision.fr\/wp-content\/uploads\/2023\/10\/KF09.077V2-3-1200x1200-1-1024x1024.jpg 1024w, https:\/\/cdcvision.fr\/wp-content\/uploads\/2023\/10\/KF09.077V2-3-1200x1200-1-150x150.jpg 150w, https:\/\/cdcvision.fr\/wp-content\/uploads\/2023\/10\/KF09.077V2-3-1200x1200-1-768x768.jpg 768w, https:\/\/cdcvision.fr\/wp-content\/uploads\/2023\/10\/KF09.077V2-3-1200x1200-1-600x600.jpg 600w, https:\/\/cdcvision.fr\/wp-content\/uploads\/2023\/10\/KF09.077V2-3-1200x1200-1-100x100.jpg 100w, https:\/\/cdcvision.fr\/wp-content\/uploads\/2023\/10\/KF09.077V2-3-1200x1200-1.jpg 1200w\" sizes=\"(max-width: 300px) 100vw, 300px\" \/><img decoding=\"async\" loading=\"lazy\" class=\"alignnone size-medium wp-image-16\" src=\"http:\/\/cdcvision.fr\/wp-content\/uploads\/2023\/10\/KF09.077V2-1-1200x1200-1-300x300.jpg\" alt=\"\" width=\"300\" height=\"300\" srcset=\"https:\/\/cdcvision.fr\/wp-content\/uploads\/2023\/10\/KF09.077V2-1-1200x1200-1-300x300.jpg 300w, https:\/\/cdcvision.fr\/wp-content\/uploads\/2023\/10\/KF09.077V2-1-1200x1200-1-1024x1024.jpg 1024w, https:\/\/cdcvision.fr\/wp-content\/uploads\/2023\/10\/KF09.077V2-1-1200x1200-1-150x150.jpg 150w, https:\/\/cdcvision.fr\/wp-content\/uploads\/2023\/10\/KF09.077V2-1-1200x1200-1-768x768.jpg 768w, https:\/\/cdcvision.fr\/wp-content\/uploads\/2023\/10\/KF09.077V2-1-1200x1200-1-600x600.jpg 600w, https:\/\/cdcvision.fr\/wp-content\/uploads\/2023\/10\/KF09.077V2-1-1200x1200-1-100x100.jpg 100w, https:\/\/cdcvision.fr\/wp-content\/uploads\/2023\/10\/KF09.077V2-1-1200x1200-1.jpg 1200w\" sizes=\"(max-width: 300px) 100vw, 300px\" \/> <img decoding=\"async\" loading=\"lazy\" class=\"alignnone size-medium wp-image-17\" src=\"http:\/\/cdcvision.fr\/wp-content\/uploads\/2023\/10\/KF09.077V2-5-1200x1200-1-300x300.jpg\" alt=\"\" width=\"300\" height=\"300\" srcset=\"https:\/\/cdcvision.fr\/wp-content\/uploads\/2023\/10\/KF09.077V2-5-1200x1200-1-300x300.jpg 300w, https:\/\/cdcvision.fr\/wp-content\/uploads\/2023\/10\/KF09.077V2-5-1200x1200-1-1024x1024.jpg 1024w, https:\/\/cdcvision.fr\/wp-content\/uploads\/2023\/10\/KF09.077V2-5-1200x1200-1-150x150.jpg 150w, https:\/\/cdcvision.fr\/wp-content\/uploads\/2023\/10\/KF09.077V2-5-1200x1200-1-768x768.jpg 768w, https:\/\/cdcvision.fr\/wp-content\/uploads\/2023\/10\/KF09.077V2-5-1200x1200-1-600x600.jpg 600w, https:\/\/cdcvision.fr\/wp-content\/uploads\/2023\/10\/KF09.077V2-5-1200x1200-1-100x100.jpg 100w, https:\/\/cdcvision.fr\/wp-content\/uploads\/2023\/10\/KF09.077V2-5-1200x1200-1.jpg 1200w\" sizes=\"(max-width: 300px) 100vw, 300px\" \/><\/p>\n","protected":false},"featured_media":16,"comment_status":"open","ping_status":"closed","template":"","meta":{"om_disable_all_campaigns":false,"_monsterinsights_skip_tracking":false,"_monsterinsights_sitenote_active":false,"_monsterinsights_sitenote_note":"","_monsterinsights_sitenote_category":0},"product_cat":[20],"product_tag":[],"aioseo_notices":[],"_links":{"self":[{"href":"https:\/\/cdcvision.fr\/index.php?rest_route=\/wp\/v2\/product\/15"}],"collection":[{"href":"https:\/\/cdcvision.fr\/index.php?rest_route=\/wp\/v2\/product"}],"about":[{"href":"https:\/\/cdcvision.fr\/index.php?rest_route=\/wp\/v2\/types\/product"}],"replies":[{"embeddable":true,"href":"https:\/\/cdcvision.fr\/index.php?rest_route=%2Fwp%2Fv2%2Fcomments&post=15"}],"wp:featuredmedia":[{"embeddable":true,"href":"https:\/\/cdcvision.fr\/index.php?rest_route=\/wp\/v2\/media\/16"}],"wp:attachment":[{"href":"https:\/\/cdcvision.fr\/index.php?rest_route=%2Fwp%2Fv2%2Fmedia&parent=15"}],"wp:term":[{"taxonomy":"product_cat","embeddable":true,"href":"https:\/\/cdcvision.fr\/index.php?rest_route=%2Fwp%2Fv2%2Fproduct_cat&post=15"},{"taxonomy":"product_tag","embeddable":true,"href":"https:\/\/cdcvision.fr\/index.php?rest_route=%2Fwp%2Fv2%2Fproduct_tag&post=15"}],"curies":[{"name":"wp","href":"https:\/\/api.w.org\/{rel}","templated":true}]}}