{"id":220,"date":"2023-10-13T11:53:19","date_gmt":"2023-10-13T09:53:19","guid":{"rendered":"https:\/\/cdcvision.fr\/?post_type=product&#038;p=220"},"modified":"2023-10-18T23:08:20","modified_gmt":"2023-10-18T21:08:20","slug":"koolehaoda-camera-aluminium-monopode-avec-base-de-support-de-trepied-hauteur-etendue-168-cm","status":"publish","type":"product","link":"https:\/\/cdcvision.fr\/?product=koolehaoda-camera-aluminium-monopode-avec-base-de-support-de-trepied-hauteur-etendue-168-cm","title":{"rendered":"Koolehaoda Monopode 168 cm"},"content":{"rendered":"<div class=\"a-row a-spacing-small po-brand\"><span class=\"a-size-base a-text-bold\">Marque:<\/span>\u00a0<span class=\"a-size-base po-break-word\">Koolehaoda<\/span><\/div>\n<div class=\"a-row a-spacing-small po-color\"><span class=\"a-size-base a-text-bold\">Couleur:<\/span>\u00a0<span class=\"a-size-base po-break-word\">Noir<\/span><\/div>\n<div class=\"a-row a-spacing-small po-compatible_devices\"><span class=\"a-size-base a-text-bold\">Appareils compatibles:<\/span>\u00a0<span class=\"a-size-base po-break-word\">Cam\u00e9ra<\/span><\/div>\n<div class=\"a-row a-spacing-small po-special_feature\"><span class=\"a-size-base a-text-bold\">Caract\u00e9ristique sp\u00e9ciale:<\/span>\u00a0<span class=\"a-size-base po-break-word\">Durable.charge,L\u00e9ger,R\u00e9versible<\/span><\/div>\n<div class=\"a-row a-spacing-small po-material\"><span class=\"a-size-base a-text-bold\">Mat\u00e9riau:<\/span>\u00a0<span class=\"a-size-base po-break-word\">Aluminium<\/span><\/div>\n<div class=\"a-row a-spacing-small po-weight_capacity.maximum\"><span class=\"a-size-base a-text-bold\">Limite de poids:<\/span>\u00a0<span class=\"a-size-base po-break-word\">15,43 Livres<\/span><\/div>\n<div class=\"a-row a-spacing-small po-maximum_height\"><span class=\"a-size-base a-text-bold\">Hauteur maximale:<\/span>\u00a0<span class=\"a-size-base po-break-word\">168 Centim\u00e8tres<\/span><\/div>\n<div class=\"a-row a-spacing-small po-tripod_head_type\"><span class=\"a-size-base a-text-bold\">Type de t\u00eate de tr\u00e9pied:<\/span>\u00a0<span class=\"a-size-base po-break-word\">T\u00eates 3 axes<\/span><\/div>\n<div class=\"a-row a-spacing-small po-minimum_height\"><span class=\"a-size-base a-text-bold\">Hauteur minimale:<\/span>\u00a0<span class=\"a-size-base po-break-word\">50 Centim\u00e8tres<\/span><\/div>\n<div class=\"a-row a-spacing-small po-folded_size\">\n<p><span class=\"a-size-base a-text-bold\">Taille pli\u00e9e:<\/span>\u00a0<span class=\"a-size-base po-break-word\"><span class=\"a-size-base po-break-word\">18in<\/span><\/span><\/p>\n<p>&nbsp;<\/p>\n<h1 class=\"a-size-base-plus a-text-bold\">\u00c0 propos de cet article<\/h1>\n<ul class=\"a-unordered-list a-vertical a-spacing-mini\">\n<li class=\"a-spacing-mini\"><span class=\"a-list-item\">\u00a0Le monopode est fabriqu\u00e9 en alliage d&#8217;aluminium de haute qualit\u00e9, suffisamment solide et durable.Charge maximale: 7 kg.<\/span><\/li>\n<li class=\"a-spacing-mini\"><span class=\"a-list-item\">\u00a0La plaque de montage universelle et la vis de connexion r\u00e9versible de 1\/4 &#8220;\u00e0 3\/8&#8221; vous permettent d&#8217;installer directement une cam\u00e9ra ou un autre adaptateur de montage de cam\u00e9ra tel qu&#8217;une t\u00eate sph\u00e9rique.<\/span><\/li>\n<li class=\"a-spacing-mini\"><span class=\"a-list-item\">\u00a0Syst\u00e8me de verrouillage des pattes \u00e0 vis \u00e0 cinq sections. S&#8217;\u00e9tend jusqu&#8217;\u00e0 une hauteur de 50-168 cm.<\/span><\/li>\n<li class=\"a-spacing-mini\"><span class=\"a-list-item\">\u00a0La base de support du tr\u00e9pied peut aider le monopode \u00e0 atteindre une rotation panoramique de 360 degr\u00e9s et une inclinaison de 20 degr\u00e9s. La base amovible peut \u00eatre utilis\u00e9e comme mini tr\u00e9pied de table.<\/span><\/li>\n<li class=\"a-spacing-mini\"><span class=\"a-list-item\">Le monopode peut \u00eatre utilis\u00e9 pour alpenstock. Il est l\u00e9ger et pratique, vous donne \u00e9galement un autre choix.<\/span><\/li>\n<\/ul>\n<\/div>\n","protected":false},"excerpt":{"rendered":"<p>Marque:\u00a0Koolehaoda Couleur:\u00a0Noir Appareils compatibles:\u00a0Cam\u00e9ra Caract\u00e9ristique sp\u00e9ciale:\u00a0Durable.charge,L\u00e9ger,R\u00e9versible Mat\u00e9riau:\u00a0Aluminium Limite de poids:\u00a015,43 Livres Hauteur maximale:\u00a0168 Centim\u00e8tres Type de t\u00eate de tr\u00e9pied:\u00a0T\u00eates 3 axes Hauteur minimale:\u00a050 Centim\u00e8tres Taille pli\u00e9e:\u00a018in &nbsp; \u00c0 propos de cet article \u00a0Le monopode est fabriqu\u00e9 en alliage d&#8217;aluminium de haute qualit\u00e9, suffisamment solide et durable.Charge maximale: 7 kg. \u00a0La plaque de montage universelle et [&hellip;]<\/p>\n","protected":false},"featured_media":221,"comment_status":"open","ping_status":"closed","template":"","meta":{"om_disable_all_campaigns":false,"_monsterinsights_skip_tracking":false,"_monsterinsights_sitenote_active":false,"_monsterinsights_sitenote_note":"","_monsterinsights_sitenote_category":0},"product_cat":[29,20],"product_tag":[59],"aioseo_notices":[],"_links":{"self":[{"href":"https:\/\/cdcvision.fr\/index.php?rest_route=\/wp\/v2\/product\/220"}],"collection":[{"href":"https:\/\/cdcvision.fr\/index.php?rest_route=\/wp\/v2\/product"}],"about":[{"href":"https:\/\/cdcvision.fr\/index.php?rest_route=\/wp\/v2\/types\/product"}],"replies":[{"embeddable":true,"href":"https:\/\/cdcvision.fr\/index.php?rest_route=%2Fwp%2Fv2%2Fcomments&post=220"}],"wp:featuredmedia":[{"embeddable":true,"href":"https:\/\/cdcvision.fr\/index.php?rest_route=\/wp\/v2\/media\/221"}],"wp:attachment":[{"href":"https:\/\/cdcvision.fr\/index.php?rest_route=%2Fwp%2Fv2%2Fmedia&parent=220"}],"wp:term":[{"taxonomy":"product_cat","embeddable":true,"href":"https:\/\/cdcvision.fr\/index.php?rest_route=%2Fwp%2Fv2%2Fproduct_cat&post=220"},{"taxonomy":"product_tag","embeddable":true,"href":"https:\/\/cdcvision.fr\/index.php?rest_route=%2Fwp%2Fv2%2Fproduct_tag&post=220"}],"curies":[{"name":"wp","href":"https:\/\/api.w.org\/{rel}","templated":true}]}}