{"id":90,"date":"2023-10-11T10:40:40","date_gmt":"2023-10-11T08:40:40","guid":{"rendered":"https:\/\/cdcvision.fr\/?post_type=product&#038;p=90"},"modified":"2026-01-24T16:29:16","modified_gmt":"2026-01-24T15:29:16","slug":"xphase-pro-x2-200mp-25lens-360-vr-camera","status":"publish","type":"product","link":"https:\/\/cdcvision.fr\/?product=xphase-pro-x2-200mp-25lens-360-vr-camera","title":{"rendered":"Xphase Pro X2 \/ 200MP 25Lens 360 VR Camera"},"content":{"rendered":"<p>Xphase Pro X2 prend en charge les visites \u00e0 360\u00b0, les points chauds et la vue c\u00f4te \u00e0 c\u00f4te, et prend en charge la sortie au format 16 bits sans perte, les utilisateurs peuvent d\u00e9finir la balance des blancs et le contraste et choisir les couleurs originales de sortie des capteurs (similaires au format DSLR RAW), et post-production par photoshop.<\/p>\n<p>Nouvelles fonctionnalit\u00e9s de Xphase Pro X2\u00a0:<\/p>\n<p>1. X2 est une version am\u00e9lior\u00e9e bas\u00e9e sur S2.<\/p>\n<p>2. X2 utilise un module de lentille anti-\u00e9blouissement pour r\u00e9duire les reflets du soleil\/lumi\u00e8re, X2 offre de meilleurs r\u00e9sultats de couleur.<\/p>\n<p>Proc\u00e9dure de mise \u00e0 jour du micrologiciel\u00a0:<br \/>\n1. \u00c9teignez l&#8217;appareil photo.<br \/>\n2. Retirez la cl\u00e9 USB.<br \/>\n3. Ins\u00e9rez la cl\u00e9 USB dans votre ordinateur.<br \/>\n4. T\u00e9l\u00e9chargez et d\u00e9compressez le fichier \u00ab XphaseEn_nnnnnn.zip \u00bb sur votre ordinateur. \u00ab nnnnnn \u00bb fait r\u00e9f\u00e9rence au num\u00e9ro de version du logiciel.<br \/>\n5. Copiez le fichier du firmware \u00ab xphase \u00bb du dossier \u00ab XphaseEn_nnnnnnXphaseEnFirmware \u00bb de votre ordinateur vers le r\u00e9pertoire racine de la cl\u00e9 USB.<br \/>\n6. Retirez la cl\u00e9 USB.<br \/>\n7. Ins\u00e9rez la cl\u00e9 USB dans l&#8217;appareil photo.<br \/>\n8. Allumez l&#8217;appareil photo et attendez les bips pr\u00eats.<br \/>\n9. \u00c9teignez l&#8217;appareil photo.<br \/>\n10. Retirez la cl\u00e9 USB.<br \/>\n11. Ins\u00e9rez la cl\u00e9 USB dans votre ordinateur.<br \/>\n12. V\u00e9rifiez que le nom du fichier a \u00e9t\u00e9 modifi\u00e9 en &#8220;xphase.updated&#8221;. Cela signifie que le firmware a \u00e9t\u00e9 mis \u00e0 jour.<br \/>\n13. Supprimez le fichier \u00ab xphase.updated \u00bb de la cl\u00e9 USB.<br \/>\n14. Retirez la cl\u00e9 USB.<br \/>\n15. Ins\u00e9rez la cl\u00e9 USB dans l&#8217;appareil photo.<\/p>\n<p>Conseils pour un d\u00e9marrage rapide\u00a0:<\/p>\n<p>Lorsque vous recevez la cam\u00e9ra, veuillez d\u00e9visser la base de la cam\u00e9ra et retirer la cl\u00e9 USB. Vous pouvez trouver le guide de l&#8217;utilisateur et le logiciel\/micrologiciel associ\u00e9 dans la cl\u00e9 USB.<\/p>\n<p>Pour les logiciels\/micrologiciels mis \u00e0 niveau, veuillez consulter le lien Google Drive ci-dessous\u00a0:<br \/>\nhttps:\/\/drive.google.com\/drive\/mobile\/folders\/1-OXae23cmymYcWUld7OMNlfUyIfr2kVk?usp=sharing<\/p>\n<p>Xphase Pro S2\/X2 prend en charge Android, Windows, iOS et MAC<\/p>\n<p>&nbsp;<\/p>\n","protected":false},"excerpt":{"rendered":"<p>Le Xphase Pro est une cam\u00e9ra 360\u00b0 en un clic, capable de capturer 200 m\u00e9gapixels au total (avec une sortie pr\u00eate \u00e0 l&#8217;emploi de 134 MP, 16K sur un smartphone ou PC\/MAC). Il fonctionne avec 3 ou 6 prises de vue HDR et son propre format de fichier \u00ab ORI \u00bb, dans lequel les images individuelles des 25 capteurs (3\/6 chacun) sont enregistr\u00e9es.\u00a0Il n&#8217;y a pas d&#8217;aper\u00e7u, mais l&#8217;assemblage direct sur smartphones est disponible (JPG\/PNO uniquement).\u00a0L&#8217;assemblage est facile et \u00e9tonnamment bon avec leur propre logiciel\/application pour PC et MAC.\u00a0Les possibilit\u00e9s de ce bel outil semblent infinies, mais le syst\u00e8me en est encore \u00e0 ses d\u00e9buts.\u00a0Pour le moment, je ne peux que le recommander aux photographes exp\u00e9riment\u00e9s, qui sont pr\u00eats \u00e0 y consacrer du temps et peuvent en \u00e9valuer les avantages et les inconv\u00e9nients.\u00a0Un flux de travail RAW complet est n\u00e9cessaire pour en tirer les r\u00e9sultats les plus \u00e9tonnants.<\/p>\n<p>Comment fonctionne Xphase ?<br \/>\nVous appuyez sur le d\u00e9clencheur (via le bouton de l&#8217;appareil photo ou l&#8217;application pour smartphone) \u2013 l&#8217;appareil photo prend trois ou six expositions (3HDR\/6HDR) \u00e0 partir des 25 capteurs\/objectifs les uns apr\u00e8s les autres dans la RAM.\u00a0Ceux-ci sont enregistr\u00e9s sous forme de JPG \u00ab\u00a0\u00e0 objectif unique\u00a0\u00bb dans un fichier conteneur (format ORI), avec d&#8217;autres informations (comme l&#8217;\u00e9talonnage de l&#8217;assemblage, le GPS s&#8217;il est utilis\u00e9, les informations gyroscopiques, les param\u00e8tres\/m\u00e9tadonn\u00e9es de prise de vue), sur la cl\u00e9 USB.\u00a0<span class=\"\">Vous pouvez assembler ces fichiers ORI au format PNO (format propre \u00e0 Xphase pour afficher des panoramas assembl\u00e9s dans leurs applications), JPG, PNG 16 bits et RAW DNG.\u00a0<\/span>Lors de l&#8217;assemblage, les 75 ou 150 prises de vue mono-objectif seront fusionn\u00e9es HDR et assembl\u00e9es \u00e0 un panorama \u00e9quirectangulaire de 16 384 x 8 192 pixels, 360 x 180\u00b0.<\/p>\n<p>Xphase Pro X2 prend en charge les visites \u00e0 360\u00b0, les points chauds et la vue c\u00f4te \u00e0 c\u00f4te, et prend en charge la sortie au format 16 bits sans perte, les utilisateurs peuvent d\u00e9finir la balance des blancs et le contraste et choisir les couleurs originales de sortie des capteurs (similaires au format DSLR RAW), et post-production par photoshop.<\/p>\n","protected":false},"featured_media":245,"comment_status":"open","ping_status":"closed","template":"","meta":{"om_disable_all_campaigns":false,"_monsterinsights_skip_tracking":false,"_monsterinsights_sitenote_active":false,"_monsterinsights_sitenote_note":"","_monsterinsights_sitenote_category":0},"product_cat":[29,41,22],"product_tag":[44],"aioseo_notices":[],"_links":{"self":[{"href":"https:\/\/cdcvision.fr\/index.php?rest_route=\/wp\/v2\/product\/90"}],"collection":[{"href":"https:\/\/cdcvision.fr\/index.php?rest_route=\/wp\/v2\/product"}],"about":[{"href":"https:\/\/cdcvision.fr\/index.php?rest_route=\/wp\/v2\/types\/product"}],"replies":[{"embeddable":true,"href":"https:\/\/cdcvision.fr\/index.php?rest_route=%2Fwp%2Fv2%2Fcomments&post=90"}],"wp:featuredmedia":[{"embeddable":true,"href":"https:\/\/cdcvision.fr\/index.php?rest_route=\/wp\/v2\/media\/245"}],"wp:attachment":[{"href":"https:\/\/cdcvision.fr\/index.php?rest_route=%2Fwp%2Fv2%2Fmedia&parent=90"}],"wp:term":[{"taxonomy":"product_cat","embeddable":true,"href":"https:\/\/cdcvision.fr\/index.php?rest_route=%2Fwp%2Fv2%2Fproduct_cat&post=90"},{"taxonomy":"product_tag","embeddable":true,"href":"https:\/\/cdcvision.fr\/index.php?rest_route=%2Fwp%2Fv2%2Fproduct_tag&post=90"}],"curies":[{"name":"wp","href":"https:\/\/api.w.org\/{rel}","templated":true}]}}