{"id":94,"date":"2023-10-11T11:18:23","date_gmt":"2023-10-11T09:18:23","guid":{"rendered":"https:\/\/cdcvision.fr\/?post_type=product&#038;p=94"},"modified":"2023-10-18T23:10:26","modified_gmt":"2023-10-18T21:10:26","slug":"cameras-video-gopro-hero-max-camera-360","status":"publish","type":"product","link":"https:\/\/cdcvision.fr\/?product=cameras-video-gopro-hero-max-camera-360","title":{"rendered":"Cam\u00e9ras Vid\u00e9o GOPRO HERO MAX Cam\u00e9ra 360\u00b0"},"content":{"rendered":"<p>GOPRO HERO MAX Cam\u00e9ra 360\u00b0<\/p>\n<p>Profitez d\u2019une libert\u00e9 cr\u00e9ative totale avec notre cam\u00e9ra 360\u00b0 la plus polyvalente<\/p>\n<p>.Vous profitez de 3 cam\u00e9ras en une : images sph\u00e9riques , photos et vid\u00e9os HERO, plus une championne du vlog qui ne craint pas la concurrence. Les fonctionnalit\u00e9s \u00e0 360\u00b0 permettent de prendre des photos panoramiques \u00e9poustouflantes, et n\u2019oublions pas la fonction Acc\u00e9l\u00e9r\u00e9 \u00e0 360\u00b0. Avec une stabilisation incroyable, 6 microphones pour un son premium et une conception \u00e9tanche, cette cam\u00e9ra a de quoi impressionner.<\/p>\n<p><iframe loading=\"lazy\" title=\"GoPro: MAX is Here\" width=\"500\" height=\"281\" src=\"https:\/\/www.youtube.com\/embed\/KxL6RNg2yr0?feature=oembed\" frameborder=\"0\" allow=\"accelerometer; autoplay; clipboard-write; encrypted-media; gyroscope; picture-in-picture; web-share\" allowfullscreen><\/iframe><\/p>\n","protected":false},"excerpt":{"rendered":"<p>GOPRO HERO MAX Cam\u00e9ra 360\u00b0 Profitez d\u2019une libert\u00e9 cr\u00e9ative totale avec notre cam\u00e9ra 360\u00b0 la plus polyvalente .Vous profitez de 3 cam\u00e9ras en une : images sph\u00e9riques , photos et vid\u00e9os HERO, plus une championne du vlog qui ne craint pas la concurrence. Les fonctionnalit\u00e9s \u00e0 360\u00b0 permettent de prendre des photos panoramiques \u00e9poustouflantes, et [&hellip;]<\/p>\n","protected":false},"featured_media":95,"comment_status":"open","ping_status":"closed","template":"","meta":{"om_disable_all_campaigns":false,"_monsterinsights_skip_tracking":false,"_monsterinsights_sitenote_active":false,"_monsterinsights_sitenote_note":"","_monsterinsights_sitenote_category":0},"product_cat":[29,22],"product_tag":[48],"aioseo_notices":[],"_links":{"self":[{"href":"https:\/\/cdcvision.fr\/index.php?rest_route=\/wp\/v2\/product\/94"}],"collection":[{"href":"https:\/\/cdcvision.fr\/index.php?rest_route=\/wp\/v2\/product"}],"about":[{"href":"https:\/\/cdcvision.fr\/index.php?rest_route=\/wp\/v2\/types\/product"}],"replies":[{"embeddable":true,"href":"https:\/\/cdcvision.fr\/index.php?rest_route=%2Fwp%2Fv2%2Fcomments&post=94"}],"wp:featuredmedia":[{"embeddable":true,"href":"https:\/\/cdcvision.fr\/index.php?rest_route=\/wp\/v2\/media\/95"}],"wp:attachment":[{"href":"https:\/\/cdcvision.fr\/index.php?rest_route=%2Fwp%2Fv2%2Fmedia&parent=94"}],"wp:term":[{"taxonomy":"product_cat","embeddable":true,"href":"https:\/\/cdcvision.fr\/index.php?rest_route=%2Fwp%2Fv2%2Fproduct_cat&post=94"},{"taxonomy":"product_tag","embeddable":true,"href":"https:\/\/cdcvision.fr\/index.php?rest_route=%2Fwp%2Fv2%2Fproduct_tag&post=94"}],"curies":[{"name":"wp","href":"https:\/\/api.w.org\/{rel}","templated":true}]}}