{"id":98,"date":"2023-10-11T11:32:01","date_gmt":"2023-10-11T09:32:01","guid":{"rendered":"https:\/\/cdcvision.fr\/?post_type=product&#038;p=98"},"modified":"2023-10-18T23:10:20","modified_gmt":"2023-10-18T21:10:20","slug":"camera-insta360-x3","status":"publish","type":"product","link":"https:\/\/cdcvision.fr\/?product=camera-insta360-x3","title":{"rendered":"Cam\u00e9ra INSTA360 X3"},"content":{"rendered":"<h2>INSTA360 X3<\/h2>\n<h3>FILMEZ L&#8217;IMPOSSIBLE<\/h3>\n<p>La cam\u00e9ra Insta360 X3 est capable de filmer sur 360\u00b0 gr\u00e2ce \u00e0 ses deux objectifs situ\u00e9s \u00e0 l\u2019avant et \u00e0 l\u2019arri\u00e8re de la cam\u00e9ra. Dot\u00e9e d\u2019un capteur 1\/2\u2019\u2019, la X3 capture des vid\u00e9os et des photos d\u00e9taill\u00e9es, avec des r\u00e9solutions impressionnantes ! Vous pourrez ainsi filmer en 5,7K en 360\u00b0 et b\u00e9n\u00e9ficier d\u2019un recadrage sans aucune perte de qualit\u00e9 gr\u00e2ce \u00e0 l\u2019application Insta360 ! Ainsi, vous pourrez partager sans aucune peine vos vid\u00e9os 360\u00b0 quel que soit le format d\u00e9sir\u00e9 ! Pour les photos 360\u00b0, la X3 s\u2019offre une r\u00e9solution de 72 MP : pour des clich\u00e9s \u00e9poustouflants, aux d\u00e9tails hallucinants !<\/p>\n<p>De plus, la cam\u00e9ra X3 est dot\u00e9e de nouveaux modes de capture pour pousser encore plus loin votre cr\u00e9ativit\u00e9 ! Le Mode Me vous permettra de r\u00e9aliser des selfies (photo comme vid\u00e9o 60 ips) sans avoir besoin de recadrage ! Fonctionnant avec la perche \u00e0 selfie invisible, le Mode Me permet des vid\u00e9os \u00e0 1080P 30 ips et 60 ips. Le Mode Mono-objectif, quant \u00e0 lui, vous permettra de r\u00e9aliser des vid\u00e9os immersives \u00e0 la premi\u00e8re personne avec une r\u00e9solution 4K mais aussi des photos d\u2019une r\u00e9solution 2,7 K ! Ce mode est particuli\u00e8rement indiqu\u00e9 si la X3 est fix\u00e9e sur la poitrine et vous permettra de diffuser vos vid\u00e9os sans aucun recadrage. Coupl\u00e9 avec l\u2019angle MaxView, vous pourrez obtenir des vid\u00e9os \u00e0 170\u00b0 !<\/p>\n<p><img decoding=\"async\" loading=\"lazy\" class=\"alignnone size-medium wp-image-99\" src=\"http:\/\/cdcvision.fr\/wp-content\/uploads\/2023\/10\/x3-insta360-1-300x171.jpeg\" alt=\"\" width=\"300\" height=\"171\" srcset=\"https:\/\/cdcvision.fr\/wp-content\/uploads\/2023\/10\/x3-insta360-1-300x171.jpeg 300w, https:\/\/cdcvision.fr\/wp-content\/uploads\/2023\/10\/x3-insta360-1-600x343.jpeg 600w, https:\/\/cdcvision.fr\/wp-content\/uploads\/2023\/10\/x3-insta360-1.jpeg 663w\" sizes=\"(max-width: 300px) 100vw, 300px\" \/><\/p>\n<h3>UNE QUALIT\u00c9 D\u2019IMAGES SANS PR\u00c9C\u00c9DENT<\/h3>\n<p>Gr\u00e2ce \u00e0 son capteur 1\/2\u2019\u2019, la X3 poss\u00e8de une qualit\u00e9 d\u2019images impressionnante. Son mode Active HDR vous permettra de r\u00e9aliser des vid\u00e9os 360\u00b0 stabilis\u00e9es aux d\u00e9tails impressionnants dans les zones surexpos\u00e9es et sous-expos\u00e9es.<\/p>\n<p>&nbsp;<\/p>\n<p>Vous pourrez ainsi r\u00e9aliser des timelapses 360\u00b0 en 8K et profiter d\u2019un mode Bullet Time am\u00e9lior\u00e9, offrant des ralentis aux r\u00e9solutions 4K 120ips ou 3K 180ips, pour un rendu encore plus cin\u00e9matographique.<\/p>\n<p><img decoding=\"async\" loading=\"lazy\" class=\"alignnone size-medium wp-image-100\" src=\"http:\/\/cdcvision.fr\/wp-content\/uploads\/2023\/10\/x3-insta360-2-300x171.jpeg\" alt=\"\" width=\"300\" height=\"171\" srcset=\"https:\/\/cdcvision.fr\/wp-content\/uploads\/2023\/10\/x3-insta360-2-300x171.jpeg 300w, https:\/\/cdcvision.fr\/wp-content\/uploads\/2023\/10\/x3-insta360-2-600x343.jpeg 600w, https:\/\/cdcvision.fr\/wp-content\/uploads\/2023\/10\/x3-insta360-2.jpeg 663w\" sizes=\"(max-width: 300px) 100vw, 300px\" \/><\/p>\n<h3>PLONGEZ DANS L\u2019ACTION<\/h3>\n<p>La cam\u00e9ra 360 X3 est taill\u00e9e pour l\u2019action : robuste, elle est \u00e9tanche jusqu\u2019\u00e0 10 m sans caisson. Dot\u00e9e d\u2019un gyroscope \u00e0 6 axes, la X3 capture avec une fluidit\u00e9 \u00e0 toute \u00e9preuve gr\u00e2ce \u00e0 la stabilisation FlowState. Avec son verrouillage 360\u00b0 de l\u2019horizon, vous pourrez tourner la X3 dans tous les sens sans perdre de vue le champ de l\u2019action !<\/p>\n<p>&nbsp;<\/p>\n<p>La batterie de la X3 de 1800 mAh lui permet une autonomie de 81 min et se recharge en 90 min. Les 4 micros int\u00e9gr\u00e9s de la X3 vous offrent un audio 360\u00b0 clair, naturel et \u00e9quilibr\u00e9, qui suivra l\u2019action film\u00e9e m\u00eame apr\u00e8s recadrage.<\/p>\n<p><img decoding=\"async\" loading=\"lazy\" class=\"alignnone size-medium wp-image-101\" src=\"http:\/\/cdcvision.fr\/wp-content\/uploads\/2023\/10\/x3-insta360-3-300x171.jpeg\" alt=\"\" width=\"300\" height=\"171\" srcset=\"https:\/\/cdcvision.fr\/wp-content\/uploads\/2023\/10\/x3-insta360-3-300x171.jpeg 300w, https:\/\/cdcvision.fr\/wp-content\/uploads\/2023\/10\/x3-insta360-3-600x343.jpeg 600w, https:\/\/cdcvision.fr\/wp-content\/uploads\/2023\/10\/x3-insta360-3.jpeg 663w\" sizes=\"(max-width: 300px) 100vw, 300px\" \/><\/p>\n<h3>ERGONOMIE ET IA<\/h3>\n<p>Avec son \u00e9cran arri\u00e8re de 2,29\u2019\u2019, vous aurez un retour vid\u00e9o\/photo de qualit\u00e9 gr\u00e2ce. Lumineux et clair, cet \u00e9cran 2,29\u2019\u2019 en verre tremp\u00e9 vous permettra une meilleure lisibilit\u00e9 de l\u2019interface de l\u2019X3. La cam\u00e9ra est pourvue de 4 boutons pour une navigation intuitive et un d\u00e9clenchement rapide de la capture, m\u00eame en portant des gants ! De plus, vous pourrez contr\u00f4ler la X3 par la voix !<\/p>\n<p>Le Mode Pre-recording vous permettra de d\u00e9buter l\u2019enregistrement vid\u00e9o automatiquement 15\/30 secondes avant m\u00eame que vous n\u2019appuyez sur le d\u00e9clencheur : vous ne loupez rien de l\u2019action ! Le Mode Loop-recording quant \u00e0 lui permet un enregistrement en boucle de s\u00e9quences vid\u00e9os : la X3 enregistre en continu, mais ne sauvegarde que les derni\u00e8res minutes de la s\u00e9quence selon l\u2019intervalle que vous aurez s\u00e9lectionn\u00e9 : une vraie petite Dashcam !<\/p>\n<p>Fonctionnant avec l\u2019application Insta360, vous pourrez cr\u00e9er facilement avec la X3 des clips vid\u00e9os destin\u00e9s aux r\u00e9seaux sociaux de mani\u00e8re rapide et ludique. Gr\u00e2ce \u00e0 l\u2019IA \u00e9volu\u00e9e de la X3, vous aurez acc\u00e8s dans Shot Lab \u00e0 des effets d\u2019\u00e9dition photo et vid\u00e9o impressionnants : vous pourrez par exemple transformer en un clic vos photos 360\u00b0 en vid\u00e9os avec Photo Animator !<\/p>\n<p><img decoding=\"async\" loading=\"lazy\" class=\"alignnone size-medium wp-image-102\" src=\"http:\/\/cdcvision.fr\/wp-content\/uploads\/2023\/10\/x3-insta360-4-300x171.jpeg\" alt=\"\" width=\"300\" height=\"171\" srcset=\"https:\/\/cdcvision.fr\/wp-content\/uploads\/2023\/10\/x3-insta360-4-300x171.jpeg 300w, https:\/\/cdcvision.fr\/wp-content\/uploads\/2023\/10\/x3-insta360-4-600x343.jpeg 600w, https:\/\/cdcvision.fr\/wp-content\/uploads\/2023\/10\/x3-insta360-4.jpeg 663w\" sizes=\"(max-width: 300px) 100vw, 300px\" \/><\/p>\n<h3>POINTS-CL\u00c9S :<\/h3>\n<ul>\n<li>Mod\u00e8le : Cam\u00e9ra X3<\/li>\n<li>Marque : Insta360<\/li>\n<li>Cam\u00e9ra d&#8217;action 360\u00b0 \u00e0 double objectif<\/li>\n<li>Capteur 1\/2&#8221; pour des vid\u00e9os et photos plus d\u00e9taill\u00e9es<\/li>\n<li>R\u00e9solution vid\u00e9o 360\u00b0 : 5,7K<\/li>\n<li>R\u00e9solution photo : 72 MP<\/li>\n<li>Diff\u00e9rents modes de prises de vue : 360\u00b0, Mono-objectif, Active HDR, Me, MaxView, Timelapse, Bullet Time&#8230;<\/li>\n<li>Verrouillage de l&#8217;horizon \u00e0 360\u00b0<\/li>\n<li>Stabilisation FlowState<\/li>\n<li>\u00c9tanche jusqu&#8217;\u00e0 10 m<\/li>\n<li>\u00c9cran arri\u00e8re tactile en verre tremp\u00e9 de 2,29&#8221;<\/li>\n<li>Batterie de 1800 mAh pour 81 min d&#8217;autonomie<\/li>\n<li>Garantie : 2 ans<\/li>\n<\/ul>\n<p>&nbsp;<\/p>\n<p><strong>Contenu :\u00a0<\/strong><\/p>\n<p>x1 Cam\u00e9ra 360 d&#8217;action Insta360 X3<\/p>\n<p>X1 Batterie<\/p>\n<p>x1 C\u00e2ble de charge<\/p>\n<p>X1 Pochette de protection<\/p>\n<p>X1 Tissu d&#8217;objectif<\/p>\n<p>x1 Mode d&#8217;emploi<\/p>\n<p><strong>Caract\u00e9ristiques principales<\/strong><br \/>\nOuverture : F1.9<br \/>\nLongueur focale \u00e9quivalente \u00e0 35 mm : 6.7\u2009mm<br \/>\nProfils de couleur : Vivid, Standard, LOG<br \/>\nPoids : 180g<br \/>\nDimensions (L x H x l) : 114,0 x 46,0 x 33,1 mm<br \/>\nAutonomie : 81 min<br \/>\nD\u00e9bit vid\u00e9o maxima : 120Mbps<br \/>\nGyroscope : Gyroscope 6 axes<br \/>\nLives en direct : Lives en 360, Recadrage des lives (le streamer d\u00e9finit une perspective fixe)<br \/>\nValeur d\u2019exposition : \u00b14EV<br \/>\nPlage ISO : 100\uff5e3200<br \/>\nVitesse d\u2019obturation : Photo : 1\/8000-120 s \u2013 Vid\u00e9o : 1\/8000-\u00e0 la limite des images par seconde<br \/>\nBalance des blancs : 2000K-10000K<br \/>\nModes audio : R\u00e9duction du vent \/ St\u00e9r\u00e9o \/ Am\u00e9lioration directionnelle \u00e0 360 degr\u00e9s<br \/>\nFormat audio : 48 kHz, 16bits, AAC<br \/>\nBluetooth : BLE 5.0<br \/>\nWi-Fi : 2.4GHz, 5GHz \u2013 802.11a \/ b \/ g \/ n \/ ac<br \/>\nUSB : Type-C<br \/>\n* Remarque : Cette version ne prend en charge que la connexion filaire aux appareils Android (via Micro-USB ou Type-C). Elle ne prend pas en charge la connexion filaire aux appareils iOS. Une prise en charge sans fil compl\u00e8te est disponible pour iOS et Android.\u201d<br \/>\nCarte Micro SD : Les cartes SD au format exFAT de classe de vitesse UHS-I V30 avec un stockage maximal de 1 To sont recommand\u00e9es.<br \/>\nCapacit\u00e9 de batterie : 1800mAh<br \/>\nM\u00e9thode de charge : USB type C<br \/>\nTemps de charge : 90 min\uff085V\/3A\uff09<br \/>\nTemp\u00e9rature de fonctionnement : De -20\u00b0C \u00e0 40\u00b0C<\/p>\n<p><strong>R\u00e9solutions<\/strong><br \/>\nR\u00e9solution photo : 72MP (11968\u00d75984) \/ 18MP (5952\u00d72976)<br \/>\nR\u00e9solution vid\u00e9o<br \/>\n360 : 5,7K : 5760\u00d72880 \u00e0 30\/25\/24ips \u2013 4K : 3840\u00d71920 \u00e0 60\/30ips<br \/>\nMode Mono-objectif : 4K : 3840\u00d72160 \u00e0 30\/25\/24ips \u2013 3.6K : 3584\u00d72016 \u00e0 60\/50\/30\/25\/24ips \u2013 2.7K: 2720\u00d71530@60\/50\/30\/25\/24 \u2013 1080P : 1920\u00d71088 \u00e0 60\/50\/30\/25\/24ips<\/p>\n<p><strong>Formats<\/strong><br \/>\nFormat photo : insp (peut \u00eatre export\u00e9 via une application mobile ou un ordinateur) \u2013 PureShot (DNG Raw, doit \u00eatre modifi\u00e9 sur ordinateur)<br \/>\nFormat vid\u00e9o : Lentille unique : MP4 \u2013 360 : INSV (Vid\u00e9o basse r\u00e9solution : LRV)<\/p>\n<p><strong>Modes<\/strong><br \/>\nModes Photo : Standard, HDR, Rafale, Intervalle, Starlapse<br \/>\nModes vid\u00e9o : Standard, HDR actif, Timelapse, TimeShift, Bullet Time, Enregistrement en boucle<\/p>\n<p><strong>Appareils compatibles<\/strong><br \/>\nAppareils iOS : Compatible avec les appareils mobiles iOS avec puces A11 ou sup\u00e9rieures et iOS version 11.0 ou sup\u00e9rieures, y compris iPhone SE 2, iPhone 8, iPhone 8 Plus, iPhone XR, iPhone XS, iPhone XS Max, iPhone X, iPhone 11, iPhone 11 Pro, iPhone 11 Pro Max, iPhone 12, iPhone 12 Pro, iPhone 12 Pro Max, iPhone 12 mini, iPhone 13, iPhone 13 Pro, iPhone 13 Pro Max, iPhone 13 mini, iPad Air (2020), iPad Pro et mod\u00e8les d\u2019iPad plus r\u00e9cents.<br \/>\nAppareils Android :<br \/>\nCompatible avec les appareils mobiles Android qui r\u00e9pondent aux fonctionnalit\u00e9s suivantes, y compris : Appareils Android avec Kirin 980 et puces sup\u00e9rieures, y compris Huawei Mate 20, P30 ou mod\u00e8les plus r\u00e9cents \u2013 Appareils Android avec Snapdragon 845 et puces sup\u00e9rieures, y compris Samsung Galaxy S9, Xiaomi Mi 8 ou mod\u00e8les plus r\u00e9cents \u2013 Appareils Android avec Exynos 9810 et puces sup\u00e9rieures, y compris Samsung Galaxy S9, S9+, Note9 et mod\u00e8les plus r\u00e9cents \u2013 Appareils Android avec puces Tensor, y compris Google Pixel 6.<\/p>\n<p>Remarques :<br \/>\n1. Les appareils qui ne r\u00e9pondent pas aux exigences ci-dessus peuvent toujours utiliser l\u2019application pour contr\u00f4ler la cam\u00e9ra, cependant, les performances de certaines fonctionnalit\u00e9s gourmandes en processeur et faisant appel \u00e0 l\u2019Intelligence Artificielle peuvent \u00eatre sous-optimales.<br \/>\n2. Apr\u00e8s les tests, les t\u00e9l\u00e9phones \u00e9quip\u00e9s de puces Qualcomm SDM765 5G ont de faibles capacit\u00e9s de d\u00e9codage mat\u00e9riel et ne sont pas pris en charge pour une utilisation, comme l\u2019OPPO Reno 3 5G.<br \/>\n3. L\u2019installation de l\u2019application n\u00e9cessite un t\u00e9l\u00e9phone mobile avec un syst\u00e8me 64 bits. Un syst\u00e8me 32 bits ne prend pas en charge l\u2019installation de l\u2019application.<br \/>\n4. La fonction Snap Wizard n\u2019est compatible qu\u2019avec les mod\u00e8les iPhone 8 ou sup\u00e9rieurs (puces A11 ou sup\u00e9rieures); iPads avec puces M1 ; et appareils Android avec puces Kirin 990 et sup\u00e9rieures (par exemple Huawei Mate 30 et sup\u00e9rieur), Snapdragon 855 et puces sup\u00e9rieures (par exemple Google Pixel 4\/Xiaomi Mi 9 et sup\u00e9rieur) ou Exynos 990 et puces sup\u00e9rieures (par exemple Samsung Galaxy S20 et sup\u00e9rieur).<\/p>\n","protected":false},"excerpt":{"rendered":"<p>L\u2019insta360 X3 est une cam\u00e9ra d\u2019action 360\u00b0 faite pour cr\u00e9er ! Avec son capteur 1\/2\u2019\u2019 et son \u00e9cran tactile 2,29\u2019\u2019, vous pourrez capturer des vid\u00e9os 360 5,7K en Active HDR et prendre des photos de 72 MP aux d\u00e9tails incroyables !<\/p>\n<p>&nbsp;<\/p>\n<p>De plus, l\u2019Insta360 X3 dispose de nombreux modes de capture avec une qualit\u00e9 d\u2019image \u00e9poustouflante : Mode Active HDR avec une stabilisation impeccable, Mode Me pour des selfies \u00e0 60 ips sans recadrage, Mode Mono-objectif avec une r\u00e9solution 4K\u2026 \u00c9tanche jusqu\u2019\u00e0 10 m et robuste, la X3 d\u2019Insta360 dispose d\u2019une nouvelle batterie d\u2019une puissance de 1800 mAh, pour 81 min d&#8217;autonomie. Elle vous accompagnera partout dans toutes les situations !<\/p>\n","protected":false},"featured_media":103,"comment_status":"open","ping_status":"closed","template":"","meta":{"om_disable_all_campaigns":false,"_monsterinsights_skip_tracking":false,"_monsterinsights_sitenote_active":false,"_monsterinsights_sitenote_note":"","_monsterinsights_sitenote_category":0},"product_cat":[29,22],"product_tag":[49],"aioseo_notices":[],"_links":{"self":[{"href":"https:\/\/cdcvision.fr\/index.php?rest_route=\/wp\/v2\/product\/98"}],"collection":[{"href":"https:\/\/cdcvision.fr\/index.php?rest_route=\/wp\/v2\/product"}],"about":[{"href":"https:\/\/cdcvision.fr\/index.php?rest_route=\/wp\/v2\/types\/product"}],"replies":[{"embeddable":true,"href":"https:\/\/cdcvision.fr\/index.php?rest_route=%2Fwp%2Fv2%2Fcomments&post=98"}],"wp:featuredmedia":[{"embeddable":true,"href":"https:\/\/cdcvision.fr\/index.php?rest_route=\/wp\/v2\/media\/103"}],"wp:attachment":[{"href":"https:\/\/cdcvision.fr\/index.php?rest_route=%2Fwp%2Fv2%2Fmedia&parent=98"}],"wp:term":[{"taxonomy":"product_cat","embeddable":true,"href":"https:\/\/cdcvision.fr\/index.php?rest_route=%2Fwp%2Fv2%2Fproduct_cat&post=98"},{"taxonomy":"product_tag","embeddable":true,"href":"https:\/\/cdcvision.fr\/index.php?rest_route=%2Fwp%2Fv2%2Fproduct_tag&post=98"}],"curies":[{"name":"wp","href":"https:\/\/api.w.org\/{rel}","templated":true}]}}